{"id":4310,"date":"2026-04-02T18:24:45","date_gmt":"2026-04-02T16:24:45","guid":{"rendered":"https:\/\/profizjoclinic.pl\/?page_id=4310"},"modified":"2026-04-12T14:50:59","modified_gmt":"2026-04-12T12:50:59","slug":"monika-jakubowska","status":"publish","type":"page","link":"https:\/\/profizjoclinic.pl\/en\/nasi-fizjoterapeuci\/monika-jakubowska\/","title":{"rendered":"Monika Jakubowska"},"content":{"rendered":"\n<div class=\"wp-block-columns is-layout-flex wp-container-core-columns-is-layout-9d6595d7 wp-block-columns-is-layout-flex\">\n<div class=\"wp-block-column is-layout-flow wp-block-column-is-layout-flow\" style=\"flex-basis:66.66%\">\n<div class=\"wp-block-columns are-vertically-aligned-center is-layout-flex wp-container-core-columns-is-layout-9d6595d7 wp-block-columns-is-layout-flex\">\n<div class=\"wp-block-column is-vertically-aligned-center is-layout-flow wp-block-column-is-layout-flow\">\n<p>Cze\u015b\u0107!<\/p>\n\n\n\n<p>Jestem Monika Jakubowska, <strong>specjalistka fizjoterapii<\/strong> oraz <strong>osteopatka dzieci\u0119ca<\/strong>. Uko\u0144czy\u0142am studia na Akademii Wychowania Fizycznego we Wroc\u0142awiu, a tak\u017ce Szko\u0142\u0119 Osteopatii Pediatrycznej ICOM w Mediolanie.<\/p>\n\n\n\n<p>Jak mog\u0119 Ci pom\u00f3c?<\/p>\n\n\n\n<p>Przyjmuj\u0119 <strong>najm\u0142odszych pacjent\u00f3w ju\u017c od pierwszych dni \u017cycia<\/strong>. Pracuj\u0119 z niemowl\u0119tami i dzie\u0107mi, wspieraj\u0105c ich prawid\u0142owy rozw\u00f3j psycho-ruchowy. Pomagam w terapii plagiocefalii, asymetrii u\u0142o\u017ceniowej oraz \u0142agodzeniu dolegliwo\u015bci gastrycznych. Obejmuj\u0119 r\u00f3wnie\u017c opiek\u0105 dzieci przedwcze\u015bnie urodzone, dostosowuj\u0105c terapi\u0119 do ich indywidualnych potrzeb.<\/p>\n\n\n\n<p>Moja misja? To co\u015b wi\u0119cej ni\u017c zaw\u00f3d \u2013 to \u015bwiadome towarzyszenie dziecku w jego rozwoju! Skupiam si\u0119 na <strong>dok\u0142adnej diagnostyce<\/strong> oraz <strong>delikatnych, skutecznych metodach pracy<\/strong>, kt\u00f3re wspieraj\u0105 naturalne procesy organizmu i pomagaj\u0105 osi\u0105gn\u0105\u0107 trwa\u0142e efekty.<\/p>\n\n\n\n<p>Po ka\u017cdej wizycie rodzice otrzymuj\u0105 zestaw \u0107wicze\u0144 do wykonywania w domu, dopasowany do mo\u017cliwo\u015bci i etapu rozwoju dziecka. Oferuj\u0119 r\u00f3wnie\u017c diagnostyk\u0119 i terapi\u0119 wad postawy oraz wystawiam zlecenia na zaopatrzenie ortopedyczne, takie jak w\u00f3zki, ortezy czy obuwie. Dziel\u0119 si\u0119 tak\u017ce praktycznymi wskaz\u00f3wkami, kt\u00f3re pomagaj\u0105 wspiera\u0107 rozw\u00f3j dziecka na co dzie\u0144.<\/p>\n<\/div>\n<\/div>\n<\/div>\n\n\n\n<div class=\"wp-block-column sticky-column is-layout-flow wp-block-column-is-layout-flow\" style=\"flex-basis:33.33%\">\n<div class=\"wp-block-group is-layout-constrained wp-block-group-is-layout-constrained\">\n<a id=\"zl-url\" class=\"zl-url\" href=\"https:\/\/www.znanylekarz.pl\/monika-jakubowska-2\/fizjoterapeuta-fizjoterapeuta-dzieciecy\/wroclaw\" rel=\"nofollow\" data-zlw-doctor=\"monika-jakubowska-2\" data-zlw-type=\"big_with_calendar\" data-zlw-opinion=\"false\" data-zlw-hide-branding=\"true\" data-zlw-saas-only=\"false\" data-zlw-a11y-title=\"Widget um\u00f3wienia wizyty lekarskiej\">Um\u00f3w wizyt\u0119<\/a>\n<script>!function($_x,_s,id){var js,fjs=$_x.getElementsByTagName(_s)[0];if(!$_x.getElementById(id)){js = $_x.createElement(_s);js.id = id;js.src = \"\/\/platform.docplanner.com\/js\/widget.js\";fjs.parentNode.insertBefore(js,fjs);}}(document,\"script\",\"zl-widget-s\");<\/script>\n\n\n\n<div style=\"height:10px\" aria-hidden=\"true\" class=\"wp-block-spacer\"><\/div>\n\n\n\n<a id=\"zl-url\" class=\"zl-url\" href=\"https:\/\/www.znanylekarz.pl\/monika-jakubowska-2\/fizjoterapeuta-fizjoterapeuta-dzieciecy\/wroclaw\" rel=\"nofollow\" data-zlw-doctor=\"monika-jakubowska-2\" data-zlw-type=\"certificate\" data-zlw-opinion=\"false\" data-zlw-hide-branding=\"true\" data-zlw-saas-only=\"false\" data-zlw-a11y-title=\"Widget um\u00f3wienia wizyty lekarskiej\">Um\u00f3w wizyt\u0119<\/a>\n<script>!function($_x,_s,id){var js,fjs=$_x.getElementsByTagName(_s)[0];if(!$_x.getElementById(id)){js = $_x.createElement(_s);js.id = id;js.src = \"\/\/platform.docplanner.com\/js\/widget.js\";fjs.parentNode.insertBefore(js,fjs);}}(document,\"script\",\"zl-widget-s\");<\/script>\n<\/div>\n<\/div>\n<\/div>\n\n\n\n<div class=\"wp-block-cb-carousel\" data-slick=\"{&quot;slidesToShow&quot;:4,&quot;slidesToScroll&quot;:4,&quot;speed&quot;:300,&quot;arrows&quot;:true,&quot;dots&quot;:false,&quot;autoplay&quot;:true,&quot;autoplaySpeed&quot;:3000,&quot;infinite&quot;:true,&quot;responsive&quot;:[{&quot;breakpoint&quot;:768,&quot;settings&quot;:{&quot;slidesToShow&quot;:2,&quot;slidesToScroll&quot;:1}}]}\">\n<div class=\"wp-block-cb-slide\">\n<figure class=\"wp-block-image size-large\"><img loading=\"lazy\" decoding=\"async\" width=\"1014\" height=\"1440\" src=\"https:\/\/profizjoclinic.pl\/wp-content\/uploads\/2026\/04\/Bobath-podst.pdf-1-1014x1440.png\" alt=\"\" class=\"wp-image-4329\"\/><\/figure>\n<\/div>\n\n\n\n<div class=\"wp-block-cb-slide\">\n<figure class=\"wp-block-image size-large\"><img loading=\"lazy\" decoding=\"async\" width=\"1014\" height=\"1440\" src=\"https:\/\/profizjoclinic.pl\/wp-content\/uploads\/2026\/04\/Bobath-podst.pdf-2-1014x1440.png\" alt=\"\" class=\"wp-image-4330\"\/><\/figure>\n<\/div>\n\n\n\n<div class=\"wp-block-cb-slide\">\n<figure class=\"wp-block-image size-large\"><img loading=\"lazy\" decoding=\"async\" width=\"1014\" height=\"1440\" src=\"https:\/\/profizjoclinic.pl\/wp-content\/uploads\/2026\/04\/Bobath-podst.pdf-3-1014x1440.png\" alt=\"\" class=\"wp-image-4331\"\/><\/figure>\n<\/div>\n\n\n\n<div class=\"wp-block-cb-slide\">\n<figure class=\"wp-block-image size-large\"><img loading=\"lazy\" decoding=\"async\" width=\"1014\" height=\"1440\" src=\"https:\/\/profizjoclinic.pl\/wp-content\/uploads\/2026\/04\/Bobath-podst.pdf-4-1014x1440.png\" alt=\"\" class=\"wp-image-4332\"\/><\/figure>\n<\/div>\n\n\n\n<div class=\"wp-block-cb-slide\">\n<figure class=\"wp-block-image size-large\"><img loading=\"lazy\" decoding=\"async\" width=\"1014\" height=\"1440\" src=\"https:\/\/profizjoclinic.pl\/wp-content\/uploads\/2026\/04\/Bobath-podst.pdf-6-1014x1440.png\" alt=\"\" class=\"wp-image-4333\"\/><\/figure>\n<\/div>\n\n\n\n<div class=\"wp-block-cb-slide\">\n<figure class=\"wp-block-image size-large\"><img loading=\"lazy\" decoding=\"async\" width=\"1440\" height=\"1043\" src=\"https:\/\/profizjoclinic.pl\/wp-content\/uploads\/2026\/04\/Zasw-o-prawie-wykon-zaw.pdf-1-1440x1043.png\" alt=\"\" class=\"wp-image-4353\"\/><\/figure>\n<\/div>\n\n\n\n<div class=\"wp-block-cb-slide\">\n<figure class=\"wp-block-image size-large\"><img loading=\"lazy\" decoding=\"async\" width=\"1440\" height=\"1043\" src=\"https:\/\/profizjoclinic.pl\/wp-content\/uploads\/2026\/04\/Zasw-o-prawie-wykon-zaw.pdf-1440x1043.png\" alt=\"\" class=\"wp-image-4351\"\/><\/figure>\n<\/div>\n\n\n\n<div class=\"wp-block-cb-slide\">\n<figure class=\"wp-block-image size-large\"><img loading=\"lazy\" decoding=\"async\" width=\"1014\" height=\"1440\" src=\"https:\/\/profizjoclinic.pl\/wp-content\/uploads\/2026\/04\/Bobath-podst.pdf-7-1014x1440.png\" alt=\"\" class=\"wp-image-4336\"\/><\/figure>\n<\/div>\n\n\n\n<div class=\"wp-block-cb-slide\">\n<figure class=\"wp-block-image size-large\"><img loading=\"lazy\" decoding=\"async\" width=\"1014\" height=\"1440\" src=\"https:\/\/profizjoclinic.pl\/wp-content\/uploads\/2026\/04\/Bobath-podst.pdf-8-1014x1440.png\" alt=\"\" class=\"wp-image-4337\"\/><\/figure>\n<\/div>\n\n\n\n<div class=\"wp-block-cb-slide\">\n<figure class=\"wp-block-image size-large\"><img loading=\"lazy\" decoding=\"async\" width=\"1014\" height=\"1440\" src=\"https:\/\/profizjoclinic.pl\/wp-content\/uploads\/2026\/04\/Bobath-podst.pdf-9-1014x1440.png\" alt=\"\" class=\"wp-image-4339\"\/><\/figure>\n<\/div>\n\n\n\n<div class=\"wp-block-cb-slide\">\n<figure class=\"wp-block-image size-large\"><img loading=\"lazy\" decoding=\"async\" width=\"1014\" height=\"1440\" src=\"https:\/\/profizjoclinic.pl\/wp-content\/uploads\/2026\/04\/Bobath-podst.pdf-10-1014x1440.png\" alt=\"\" class=\"wp-image-4340\"\/><\/figure>\n<\/div>\n\n\n\n<div class=\"wp-block-cb-slide\">\n<figure class=\"wp-block-image size-large\"><img loading=\"lazy\" decoding=\"async\" width=\"1014\" height=\"1440\" src=\"https:\/\/profizjoclinic.pl\/wp-content\/uploads\/2026\/04\/Bobath-podst.pdf-11-1014x1440.png\" alt=\"\" class=\"wp-image-4341\"\/><\/figure>\n<\/div>\n\n\n\n<div class=\"wp-block-cb-slide\">\n<figure class=\"wp-block-image size-large\"><img loading=\"lazy\" decoding=\"async\" width=\"1014\" height=\"1440\" src=\"https:\/\/profizjoclinic.pl\/wp-content\/uploads\/2026\/04\/Bobath-podst.pdf-12-1014x1440.png\" alt=\"\" class=\"wp-image-4342\"\/><\/figure>\n<\/div>\n<\/div>\n","protected":false},"excerpt":{"rendered":"<p>Cze\u015b\u0107! Jestem Monika Jakubowska, specjalistka fizjoterapii oraz osteopatka dzieci\u0119ca. Uko\u0144czy\u0142am studia na Akademii Wychowania Fizycznego we Wroc\u0142awiu, a tak\u017ce Szko\u0142\u0119 Osteopatii Pediatrycznej ICOM w Mediolanie. Jak mog\u0119 Ci pom\u00f3c? Przyjmuj\u0119 najm\u0142odszych pacjent\u00f3w ju\u017c od pierwszych dni \u017cycia. Pracuj\u0119 z niemowl\u0119tami i dzie\u0107mi, wspieraj\u0105c ich prawid\u0142owy rozw\u00f3j psycho-ruchowy. Pomagam w terapii plagiocefalii, asymetrii u\u0142o\u017ceniowej oraz \u0142agodzeniu&#8230;<\/p>","protected":false},"author":2,"featured_media":4312,"parent":715,"menu_order":0,"comment_status":"closed","ping_status":"closed","template":"","meta":{"inline_featured_image":false,"advgb_blocks_editor_width":"","advgb_blocks_columns_visual_guide":"","_glsr_average":0,"_glsr_ranking":0,"_glsr_reviews":0,"footnotes":""},"class_list":["post-4310","page","type-page","status-publish","has-post-thumbnail","hentry"],"yoast_head":"<!-- This site is optimized with the Yoast SEO Premium plugin v27.3 (Yoast SEO v27.4) - https:\/\/yoast.com\/product\/yoast-seo-premium-wordpress\/ -->\n<title>Monika Jakubowska - Profizjoclinic<\/title>\n<meta name=\"description\" content=\"Jestem Monika Jakubowska, specjalistka fizjoterapii oraz osteopatka dzieci\u0119ca. Uko\u0144czy\u0142am studia na Akademii Wychowania Fizycznego we Wroc\u0142awiu, a tak\u017ce Szko\u0142\u0119 Osteopatii Pediatrycznej ICOM w Mediolanie.\" \/>\n<meta name=\"robots\" content=\"index, follow, max-snippet:-1, max-image-preview:large, max-video-preview:-1\" \/>\n<link rel=\"canonical\" href=\"https:\/\/profizjoclinic.pl\/en\/our-physiotherapists\/monika-jakubowska\/\" \/>\n<meta property=\"og:locale\" content=\"en_US\" \/>\n<meta property=\"og:type\" content=\"article\" \/>\n<meta property=\"og:title\" content=\"Monika Jakubowska\" \/>\n<meta property=\"og:description\" content=\"Jestem Monika Jakubowska, specjalistka fizjoterapii oraz osteopatka dzieci\u0119ca. Uko\u0144czy\u0142am studia na Akademii Wychowania Fizycznego we Wroc\u0142awiu, a tak\u017ce Szko\u0142\u0119 Osteopatii Pediatrycznej ICOM w Mediolanie.\" \/>\n<meta property=\"og:url\" content=\"https:\/\/profizjoclinic.pl\/en\/our-physiotherapists\/monika-jakubowska\/\" \/>\n<meta property=\"og:site_name\" content=\"Profizjoclinic\" \/>\n<meta property=\"article:publisher\" content=\"https:\/\/www.facebook.com\/profile.php?id=100090600811172\" \/>\n<meta property=\"article:modified_time\" content=\"2026-04-12T12:50:59+00:00\" \/>\n<meta property=\"og:image\" content=\"https:\/\/profizjoclinic.pl\/wp-content\/uploads\/2026\/04\/maska-1.png\" \/>\n\t<meta property=\"og:image:width\" content=\"802\" \/>\n\t<meta property=\"og:image:height\" content=\"869\" \/>\n\t<meta property=\"og:image:type\" content=\"image\/png\" \/>\n<meta name=\"twitter:card\" content=\"summary_large_image\" \/>\n<meta name=\"twitter:label1\" content=\"Est. reading time\" \/>\n\t<meta name=\"twitter:data1\" content=\"4 minutes\" \/>\n<script type=\"application\/ld+json\" class=\"yoast-schema-graph\">{\"@context\":\"https:\\\/\\\/schema.org\",\"@graph\":[{\"@type\":\"WebPage\",\"@id\":\"https:\\\/\\\/profizjoclinic.pl\\\/nasi-fizjoterapeuci\\\/monika-jakubowska\\\/\",\"url\":\"https:\\\/\\\/profizjoclinic.pl\\\/nasi-fizjoterapeuci\\\/monika-jakubowska\\\/\",\"name\":\"Monika Jakubowska - Profizjoclinic\",\"isPartOf\":{\"@id\":\"https:\\\/\\\/profizjoclinic.pl\\\/#website\"},\"primaryImageOfPage\":{\"@id\":\"https:\\\/\\\/profizjoclinic.pl\\\/nasi-fizjoterapeuci\\\/monika-jakubowska\\\/#primaryimage\"},\"image\":{\"@id\":\"https:\\\/\\\/profizjoclinic.pl\\\/nasi-fizjoterapeuci\\\/monika-jakubowska\\\/#primaryimage\"},\"thumbnailUrl\":\"https:\\\/\\\/profizjoclinic.pl\\\/wp-content\\\/uploads\\\/2026\\\/04\\\/maska-1.png\",\"datePublished\":\"2026-04-02T16:24:45+00:00\",\"dateModified\":\"2026-04-12T12:50:59+00:00\",\"description\":\"Jestem Monika Jakubowska, specjalistka fizjoterapii oraz osteopatka dzieci\u0119ca. Uko\u0144czy\u0142am studia na Akademii Wychowania Fizycznego we Wroc\u0142awiu, a tak\u017ce Szko\u0142\u0119 Osteopatii Pediatrycznej ICOM w Mediolanie.\",\"breadcrumb\":{\"@id\":\"https:\\\/\\\/profizjoclinic.pl\\\/nasi-fizjoterapeuci\\\/monika-jakubowska\\\/#breadcrumb\"},\"inLanguage\":\"en-US\",\"potentialAction\":[{\"@type\":\"ReadAction\",\"target\":[\"https:\\\/\\\/profizjoclinic.pl\\\/nasi-fizjoterapeuci\\\/monika-jakubowska\\\/\"]}]},{\"@type\":\"ImageObject\",\"inLanguage\":\"en-US\",\"@id\":\"https:\\\/\\\/profizjoclinic.pl\\\/nasi-fizjoterapeuci\\\/monika-jakubowska\\\/#primaryimage\",\"url\":\"https:\\\/\\\/profizjoclinic.pl\\\/wp-content\\\/uploads\\\/2026\\\/04\\\/maska-1.png\",\"contentUrl\":\"https:\\\/\\\/profizjoclinic.pl\\\/wp-content\\\/uploads\\\/2026\\\/04\\\/maska-1.png\",\"width\":802,\"height\":869,\"caption\":\"Monika Jakubowska fizjoterapia dzieci\u0119ca\"},{\"@type\":\"BreadcrumbList\",\"@id\":\"https:\\\/\\\/profizjoclinic.pl\\\/nasi-fizjoterapeuci\\\/monika-jakubowska\\\/#breadcrumb\",\"itemListElement\":[{\"@type\":\"ListItem\",\"position\":1,\"name\":\"Home\",\"item\":\"https:\\\/\\\/profizjoclinic.pl\\\/\"},{\"@type\":\"ListItem\",\"position\":2,\"name\":\"Nasz Zesp\u00f3\u0142\",\"item\":\"https:\\\/\\\/profizjoclinic.pl\\\/nasi-fizjoterapeuci\\\/\"},{\"@type\":\"ListItem\",\"position\":3,\"name\":\"Monika Jakubowska\"}]},{\"@type\":\"WebSite\",\"@id\":\"https:\\\/\\\/profizjoclinic.pl\\\/#website\",\"url\":\"https:\\\/\\\/profizjoclinic.pl\\\/\",\"name\":\"Profizjoclinic\",\"description\":\"Profizjoclinic - Topowi fizjoterapeuci i ortopedzi we Wroc\u0142awiu!\",\"publisher\":{\"@id\":\"https:\\\/\\\/profizjoclinic.pl\\\/#organization\"},\"potentialAction\":[{\"@type\":\"SearchAction\",\"target\":{\"@type\":\"EntryPoint\",\"urlTemplate\":\"https:\\\/\\\/profizjoclinic.pl\\\/?s={search_term_string}\"},\"query-input\":{\"@type\":\"PropertyValueSpecification\",\"valueRequired\":true,\"valueName\":\"search_term_string\"}}],\"inLanguage\":\"en-US\"},{\"@type\":\"Organization\",\"@id\":\"https:\\\/\\\/profizjoclinic.pl\\\/#organization\",\"name\":\"Profizjoclinic sp. z o.o.\",\"url\":\"https:\\\/\\\/profizjoclinic.pl\\\/\",\"logo\":{\"@type\":\"ImageObject\",\"inLanguage\":\"en-US\",\"@id\":\"https:\\\/\\\/profizjoclinic.pl\\\/#\\\/schema\\\/logo\\\/image\\\/\",\"url\":\"https:\\\/\\\/profizjoclinic.pl\\\/wp-content\\\/uploads\\\/2023\\\/06\\\/pfc-logo.png\",\"contentUrl\":\"https:\\\/\\\/profizjoclinic.pl\\\/wp-content\\\/uploads\\\/2023\\\/06\\\/pfc-logo.png\",\"width\":329,\"height\":86,\"caption\":\"Profizjoclinic sp. z o.o.\"},\"image\":{\"@id\":\"https:\\\/\\\/profizjoclinic.pl\\\/#\\\/schema\\\/logo\\\/image\\\/\"},\"sameAs\":[\"https:\\\/\\\/www.facebook.com\\\/profile.php?id=100090600811172\"]}]}<\/script>\n<!-- \/ Yoast SEO Premium plugin. -->","yoast_head_json":{"title":"Monika Jakubowska - Profizjoclinic","description":"Jestem Monika Jakubowska, specjalistka fizjoterapii oraz osteopatka dzieci\u0119ca. Uko\u0144czy\u0142am studia na Akademii Wychowania Fizycznego we Wroc\u0142awiu, a tak\u017ce Szko\u0142\u0119 Osteopatii Pediatrycznej ICOM w Mediolanie.","robots":{"index":"index","follow":"follow","max-snippet":"max-snippet:-1","max-image-preview":"max-image-preview:large","max-video-preview":"max-video-preview:-1"},"canonical":"https:\/\/profizjoclinic.pl\/en\/our-physiotherapists\/monika-jakubowska\/","og_locale":"en_US","og_type":"article","og_title":"Monika Jakubowska","og_description":"Jestem Monika Jakubowska, specjalistka fizjoterapii oraz osteopatka dzieci\u0119ca. Uko\u0144czy\u0142am studia na Akademii Wychowania Fizycznego we Wroc\u0142awiu, a tak\u017ce Szko\u0142\u0119 Osteopatii Pediatrycznej ICOM w Mediolanie.","og_url":"https:\/\/profizjoclinic.pl\/en\/our-physiotherapists\/monika-jakubowska\/","og_site_name":"Profizjoclinic","article_publisher":"https:\/\/www.facebook.com\/profile.php?id=100090600811172","article_modified_time":"2026-04-12T12:50:59+00:00","og_image":[{"width":802,"height":869,"url":"https:\/\/profizjoclinic.pl\/wp-content\/uploads\/2026\/04\/maska-1.png","type":"image\/png"}],"twitter_card":"summary_large_image","twitter_misc":{"Est. reading time":"4 minutes"},"schema":{"@context":"https:\/\/schema.org","@graph":[{"@type":"WebPage","@id":"https:\/\/profizjoclinic.pl\/nasi-fizjoterapeuci\/monika-jakubowska\/","url":"https:\/\/profizjoclinic.pl\/nasi-fizjoterapeuci\/monika-jakubowska\/","name":"Monika Jakubowska - Profizjoclinic","isPartOf":{"@id":"https:\/\/profizjoclinic.pl\/#website"},"primaryImageOfPage":{"@id":"https:\/\/profizjoclinic.pl\/nasi-fizjoterapeuci\/monika-jakubowska\/#primaryimage"},"image":{"@id":"https:\/\/profizjoclinic.pl\/nasi-fizjoterapeuci\/monika-jakubowska\/#primaryimage"},"thumbnailUrl":"https:\/\/profizjoclinic.pl\/wp-content\/uploads\/2026\/04\/maska-1.png","datePublished":"2026-04-02T16:24:45+00:00","dateModified":"2026-04-12T12:50:59+00:00","description":"Jestem Monika Jakubowska, specjalistka fizjoterapii oraz osteopatka dzieci\u0119ca. Uko\u0144czy\u0142am studia na Akademii Wychowania Fizycznego we Wroc\u0142awiu, a tak\u017ce Szko\u0142\u0119 Osteopatii Pediatrycznej ICOM w Mediolanie.","breadcrumb":{"@id":"https:\/\/profizjoclinic.pl\/nasi-fizjoterapeuci\/monika-jakubowska\/#breadcrumb"},"inLanguage":"en-US","potentialAction":[{"@type":"ReadAction","target":["https:\/\/profizjoclinic.pl\/nasi-fizjoterapeuci\/monika-jakubowska\/"]}]},{"@type":"ImageObject","inLanguage":"en-US","@id":"https:\/\/profizjoclinic.pl\/nasi-fizjoterapeuci\/monika-jakubowska\/#primaryimage","url":"https:\/\/profizjoclinic.pl\/wp-content\/uploads\/2026\/04\/maska-1.png","contentUrl":"https:\/\/profizjoclinic.pl\/wp-content\/uploads\/2026\/04\/maska-1.png","width":802,"height":869,"caption":"Monika Jakubowska fizjoterapia dzieci\u0119ca"},{"@type":"BreadcrumbList","@id":"https:\/\/profizjoclinic.pl\/nasi-fizjoterapeuci\/monika-jakubowska\/#breadcrumb","itemListElement":[{"@type":"ListItem","position":1,"name":"Home","item":"https:\/\/profizjoclinic.pl\/"},{"@type":"ListItem","position":2,"name":"Nasz Zesp\u00f3\u0142","item":"https:\/\/profizjoclinic.pl\/nasi-fizjoterapeuci\/"},{"@type":"ListItem","position":3,"name":"Monika Jakubowska"}]},{"@type":"WebSite","@id":"https:\/\/profizjoclinic.pl\/#website","url":"https:\/\/profizjoclinic.pl\/","name":"Profizjoclinic","description":"Profizjoclinic - Top physiotherapists and orthopedists in Wroclaw!","publisher":{"@id":"https:\/\/profizjoclinic.pl\/#organization"},"potentialAction":[{"@type":"SearchAction","target":{"@type":"EntryPoint","urlTemplate":"https:\/\/profizjoclinic.pl\/?s={search_term_string}"},"query-input":{"@type":"PropertyValueSpecification","valueRequired":true,"valueName":"search_term_string"}}],"inLanguage":"en-US"},{"@type":"Organization","@id":"https:\/\/profizjoclinic.pl\/#organization","name":"Profizjoclinic Ltd.","url":"https:\/\/profizjoclinic.pl\/","logo":{"@type":"ImageObject","inLanguage":"en-US","@id":"https:\/\/profizjoclinic.pl\/#\/schema\/logo\/image\/","url":"https:\/\/profizjoclinic.pl\/wp-content\/uploads\/2023\/06\/pfc-logo.png","contentUrl":"https:\/\/profizjoclinic.pl\/wp-content\/uploads\/2023\/06\/pfc-logo.png","width":329,"height":86,"caption":"Profizjoclinic sp. z o.o."},"image":{"@id":"https:\/\/profizjoclinic.pl\/#\/schema\/logo\/image\/"},"sameAs":["https:\/\/www.facebook.com\/profile.php?id=100090600811172"]}]}},"coauthors":[],"author_meta":{"author_link":"https:\/\/profizjoclinic.pl\/en\/author\/karolina-pfc\/","display_name":"Karolina"},"relative_dates":{"created":"Posted 2 weeks ago","modified":"Updated 5 days ago"},"absolute_dates":{"created":"Posted on 2026-04-02","modified":"Updated on 2026-04-12"},"absolute_dates_time":{"created":"Posted on 2026-04-02 18:24","modified":"Updated on 2026-04-12 14:50"},"featured_img_caption":"","featured_img":"https:\/\/profizjoclinic.pl\/wp-content\/uploads\/2026\/04\/maska-1-802x510.png","series_order":"","_links":{"self":[{"href":"https:\/\/profizjoclinic.pl\/en\/wp-json\/wp\/v2\/pages\/4310","targetHints":{"allow":["GET"]}}],"collection":[{"href":"https:\/\/profizjoclinic.pl\/en\/wp-json\/wp\/v2\/pages"}],"about":[{"href":"https:\/\/profizjoclinic.pl\/en\/wp-json\/wp\/v2\/types\/page"}],"author":[{"embeddable":true,"href":"https:\/\/profizjoclinic.pl\/en\/wp-json\/wp\/v2\/users\/2"}],"replies":[{"embeddable":true,"href":"https:\/\/profizjoclinic.pl\/en\/wp-json\/wp\/v2\/comments?post=4310"}],"version-history":[{"count":4,"href":"https:\/\/profizjoclinic.pl\/en\/wp-json\/wp\/v2\/pages\/4310\/revisions"}],"predecessor-version":[{"id":4354,"href":"https:\/\/profizjoclinic.pl\/en\/wp-json\/wp\/v2\/pages\/4310\/revisions\/4354"}],"up":[{"embeddable":true,"href":"https:\/\/profizjoclinic.pl\/en\/wp-json\/wp\/v2\/pages\/715"}],"wp:featuredmedia":[{"embeddable":true,"href":"https:\/\/profizjoclinic.pl\/en\/wp-json\/wp\/v2\/media\/4312"}],"wp:attachment":[{"href":"https:\/\/profizjoclinic.pl\/en\/wp-json\/wp\/v2\/media?parent=4310"}],"curies":[{"name":"wp","href":"https:\/\/api.w.org\/{rel}","templated":true}]}}