{"id":4148,"date":"2026-02-20T19:38:19","date_gmt":"2026-02-20T18:38:19","guid":{"rendered":"https:\/\/profizjoclinic.pl\/?page_id=4148"},"modified":"2026-02-20T21:30:41","modified_gmt":"2026-02-20T20:30:41","slug":"michal-lesniewski","status":"publish","type":"page","link":"https:\/\/profizjoclinic.pl\/en\/nasi-fizjoterapeuci\/michal-lesniewski\/","title":{"rendered":"Michal Lesniewski"},"content":{"rendered":"\n<div class=\"wp-block-columns is-layout-flex wp-container-core-columns-is-layout-9d6595d7 wp-block-columns-is-layout-flex\">\n<div class=\"wp-block-column is-layout-flow wp-block-column-is-layout-flow\" style=\"flex-basis:66.66%\">\n<div class=\"wp-block-columns are-vertically-aligned-center is-layout-flex wp-container-core-columns-is-layout-9d6595d7 wp-block-columns-is-layout-flex\">\n<div class=\"wp-block-column is-vertically-aligned-center is-layout-flow wp-block-column-is-layout-flow\">\n<p>Absolwent Uniwersytetu Medycznego w Bia\u0142ymstoku. Posiada kilkuletnie do\u015bwiadczenie w indywidualnej pracy z pacjentem.<\/p>\n\n\n\n<p>W swojej praktyce koncentruje si\u0119 na dok\u0142adnym wywiadzie oraz szczeg\u00f3\u0142owym badaniu manualnym, kt\u00f3re stanowi\u0105 podstaw\u0119 planowanej terapii. Specjalizuje si\u0119 w diagnostyce i rehabilitacji pacjent\u00f3w ze schorzeniami ortopedycznymi narz\u0105du ruchu, ze szczeg\u00f3lnym uwzgl\u0119dnieniem problem\u00f3w w obr\u0119bie kr\u0119gos\u0142upa oraz staw\u00f3w obwodowych.<\/p>\n\n\n\n<p>Zajmuje si\u0119 terapi\u0105 b\u00f3lu ostrego i przewlek\u0142ego. Pracuje z pacjentami po przeci\u0105\u017ceniach, urazach oraz zabiegach operacyjnych. W\u015br\u00f3d jego pacjent\u00f3w znajduj\u0105 si\u0119 przede wszystkim sportowcy oraz osoby aktywne fizycznie.<\/p>\n\n\n\n<p>W pracy najwa\u017cniejszy jest dla niego pacjent oraz indywidualne podej\u015bcie do ka\u017cdego przypadku. W oparciu o aktualn\u0105 wiedz\u0119 dobiera najbardziej efektywne metody terapii, maj\u0105ce na celu redukcj\u0119 b\u00f3lu oraz popraw\u0119 sprawno\u015bci.<\/p>\n\n\n\n<p>Systematycznie rozwija swoje kompetencje, uczestnicz\u0105c w kursach i specjalistycznych szkoleniach. Ka\u017cdy niestandardowy przypadek traktuje jako wyzwanie i mo\u017cliwo\u015b\u0107 dalszego rozwoju zawodowego. Poza prac\u0105 zawodow\u0105 aktywnie uprawia sport \u2013 trenuje dwub\u00f3j olimpijski \u2013 oraz rozwija swoje zainteresowania muzyczne, graj\u0105c na gitarze.<\/p>\n\n\n\n<p><strong>Nr PWZ: 21420<\/strong><\/p>\n<\/div>\n<\/div>\n<\/div>\n\n\n\n<div class=\"wp-block-column sticky-column is-layout-flow wp-block-column-is-layout-flow\" style=\"flex-basis:33.33%\">\n<div class=\"wp-block-group is-layout-constrained wp-block-group-is-layout-constrained\">\n<a id=\"zl-url\" class=\"zl-url\" href=\"https:\/\/www.znanylekarz.pl\/michal-lesniewski-2\/fizjoterapeuta\/strzelin\" rel=\"nofollow\" data-zlw-doctor=\"michal-lesniewski-2\" data-zlw-type=\"big_with_calendar\" data-zlw-opinion=\"false\" data-zlw-hide-branding=\"true\" data-zlw-saas-only=\"false\" data-zlw-a11y-title=\"Widget um\u00f3wienia wizyty lekarskiej\">Um\u00f3w wizyt\u0119<\/a>\n<script>!function($_x,_s,id){var js,fjs=$_x.getElementsByTagName(_s)[0];if(!$_x.getElementById(id)){js = $_x.createElement(_s);js.id = id;js.src = \"\/\/platform.docplanner.com\/js\/widget.js\";fjs.parentNode.insertBefore(js,fjs);}}(document,\"script\",\"zl-widget-s\");<\/script>\n\n\n\n<div style=\"height:10px\" aria-hidden=\"true\" class=\"wp-block-spacer\"><\/div>\n\n\n\n<a id=\"zl-url\" class=\"zl-url\" href=\"https:\/\/www.znanylekarz.pl\/michal-lesniewski-2\/fizjoterapeuta\/strzelin\" rel=\"nofollow\" data-zlw-doctor=\"michal-lesniewski-2\" data-zlw-type=\"certificate\" data-zlw-opinion=\"false\" data-zlw-hide-branding=\"true\" data-zlw-saas-only=\"false\" data-zlw-a11y-title=\"Widget um\u00f3wienia wizyty lekarskiej\">Um\u00f3w wizyt\u0119<\/a>\n<script>!function($_x,_s,id){var js,fjs=$_x.getElementsByTagName(_s)[0];if(!$_x.getElementById(id)){js = $_x.createElement(_s);js.id = id;js.src = \"\/\/platform.docplanner.com\/js\/widget.js\";fjs.parentNode.insertBefore(js,fjs);}}(document,\"script\",\"zl-widget-s\");<\/script>\n<\/div>\n<\/div>\n<\/div>\n\n\n\n<div class=\"wp-block-cb-carousel\" data-slick=\"{&quot;slidesToShow&quot;:4,&quot;slidesToScroll&quot;:4,&quot;speed&quot;:300,&quot;arrows&quot;:true,&quot;dots&quot;:false,&quot;autoplay&quot;:true,&quot;autoplaySpeed&quot;:3000,&quot;infinite&quot;:true,&quot;responsive&quot;:[{&quot;breakpoint&quot;:768,&quot;settings&quot;:{&quot;slidesToShow&quot;:2,&quot;slidesToScroll&quot;:1}}]}\">\n<div class=\"wp-block-cb-slide\">\n<figure class=\"wp-block-image size-full\"><img loading=\"lazy\" decoding=\"async\" width=\"375\" height=\"530\" src=\"https:\/\/profizjoclinic.pl\/wp-content\/uploads\/2026\/02\/IMG-20260219-WA0010-1.jpg\" alt=\"\" class=\"wp-image-4178\"\/><\/figure>\n<\/div>\n\n\n\n<div class=\"wp-block-cb-slide\">\n<figure class=\"wp-block-image size-full\"><img loading=\"lazy\" decoding=\"async\" width=\"374\" height=\"530\" src=\"https:\/\/profizjoclinic.pl\/wp-content\/uploads\/2026\/02\/IMG-20260219-WA0009-1.jpg\" alt=\"\" class=\"wp-image-4175\"\/><\/figure>\n<\/div>\n\n\n\n<div class=\"wp-block-cb-slide\">\n<figure class=\"wp-block-gallery has-nested-images columns-default is-cropped wp-block-gallery-1 is-layout-flex wp-block-gallery-is-layout-flex\">\n<figure class=\"wp-block-image size-large\"><img loading=\"lazy\" decoding=\"async\" width=\"384\" height=\"530\" data-id=\"4169\" src=\"https:\/\/profizjoclinic.pl\/wp-content\/uploads\/2026\/02\/IMG-20260219-WA0002.jpg\" alt=\"\" class=\"wp-image-4169\"\/><\/figure>\n<\/figure>\n<\/div>\n\n\n\n<div class=\"wp-block-cb-slide\">\n<figure class=\"wp-block-image aligncenter size-full\"><img loading=\"lazy\" decoding=\"async\" width=\"364\" height=\"530\" src=\"https:\/\/profizjoclinic.pl\/wp-content\/uploads\/2026\/02\/IMG-20260219-WA0003.jpg\" alt=\"\" class=\"wp-image-4166\"\/><\/figure>\n<\/div>\n\n\n\n<div class=\"wp-block-cb-slide\">\n<figure class=\"wp-block-image size-full\"><img loading=\"lazy\" decoding=\"async\" width=\"530\" height=\"373\" src=\"https:\/\/profizjoclinic.pl\/wp-content\/uploads\/2026\/02\/IMG-20260219-WA0004.jpg\" alt=\"\" class=\"wp-image-4168\"\/><\/figure>\n<\/div>\n\n\n\n<div class=\"wp-block-cb-slide\">\n<figure class=\"wp-block-gallery has-nested-images columns-default is-cropped wp-block-gallery-2 is-layout-flex wp-block-gallery-is-layout-flex\">\n<figure class=\"wp-block-image size-large\"><img loading=\"lazy\" decoding=\"async\" width=\"369\" height=\"530\" data-id=\"4171\" src=\"https:\/\/profizjoclinic.pl\/wp-content\/uploads\/2026\/02\/IMG-20260219-WA0000.jpg\" alt=\"\" class=\"wp-image-4171\"\/><\/figure>\n<\/figure>\n<\/div>\n\n\n\n<div class=\"wp-block-cb-slide\">\n<figure class=\"wp-block-image size-large\"><img loading=\"lazy\" decoding=\"async\" width=\"355\" height=\"530\" src=\"https:\/\/profizjoclinic.pl\/wp-content\/uploads\/2026\/02\/IMG-20260219-WA0005.jpg\" alt=\"\" class=\"wp-image-4167\"\/><\/figure>\n<\/div>\n\n\n\n<div class=\"wp-block-cb-slide\">\n<figure class=\"wp-block-image size-full\"><img loading=\"lazy\" decoding=\"async\" width=\"354\" height=\"530\" src=\"https:\/\/profizjoclinic.pl\/wp-content\/uploads\/2026\/02\/IMG-20260219-WA0007.jpg\" alt=\"\" class=\"wp-image-4172\"\/><\/figure>\n<\/div>\n\n\n\n<div class=\"wp-block-cb-slide\">\n<figure class=\"wp-block-image size-full\"><img loading=\"lazy\" decoding=\"async\" width=\"358\" height=\"530\" src=\"https:\/\/profizjoclinic.pl\/wp-content\/uploads\/2026\/02\/IMG-20260219-WA0006.jpg\" alt=\"\" class=\"wp-image-4173\"\/><\/figure>\n<\/div>\n\n\n\n<div class=\"wp-block-cb-slide\">\n<figure class=\"wp-block-image size-full\"><img loading=\"lazy\" decoding=\"async\" width=\"530\" height=\"381\" src=\"https:\/\/profizjoclinic.pl\/wp-content\/uploads\/2026\/02\/IMG-20260219-WA0001.jpg\" alt=\"\" class=\"wp-image-4176\"\/><\/figure>\n<\/div>\n<\/div>\n\n\n\n<div class=\"wp-block-group has-background is-layout-flow wp-block-group-is-layout-flow\" style=\"background-color:#e7f4f3;padding-top:60px;padding-right:15px;padding-bottom:70px;padding-left:15px\">\n<h4 class=\"wp-block-heading has-text-align-center\" id=\"h-dowiedz-sie-jak-mozemy-ci-pomoc\"><strong>Dowiedz si\u0119 jak mo\u017cemy Ci pom\u00f3c<\/strong><\/h4>\n\n\n\n<p class=\"has-text-align-center has-large-font-size\">Zadzwo\u0144, wy\u015blij zapytanie lub um\u00f3w wizyt\u0119 online!<\/p>\n\n\n\n<div style=\"height:20px\" aria-hidden=\"true\" class=\"wp-block-spacer\"><\/div>\n\n\n\n<div class=\"wp-block-buttons is-content-justification-center is-layout-flex wp-container-core-buttons-is-layout-16018d1d wp-block-buttons-is-layout-flex\">\n<div class=\"wp-block-button is-style-outline phone-icon is-style-outline--3\"><a class=\"wp-block-button__link has-white-color has-charcoal-grey-background-color has-text-color has-background has-text-align-left wp-element-button\" href=\"tel:509 966 988\">509 966 988<\/a><\/div>\n\n\n\n<div class=\"wp-block-button is-style-fill\"><a class=\"wp-block-button__link has-white-color has-charcoal-grey-background-color has-text-color has-background has-normal-font-size has-custom-font-size wp-element-button\" href=\"mailto:rejestracja@profizjoclinic.pl\"><strong>wy\u015blij zapytani<\/strong>e<\/a><\/div>\n<\/div>\n<\/div>\n\n\n\n<div class=\"wp-block-group has-charcoal-background-color has-background section-contact is-layout-flow wp-block-group-is-layout-flow\">\n<div class=\"wp-block-group container is-layout-flow wp-block-group-is-layout-flow\">\n<div class=\"wp-block-group is-layout-flow wp-block-group-is-layout-flow\">\n<figure class=\"wp-block-image size-large\"><img loading=\"lazy\" decoding=\"async\" width=\"325\" height=\"74\" src=\"https:\/\/profizjoclinic.pl\/wp-content\/uploads\/2023\/02\/logo-1.svg\" alt=\"logo\" class=\"wp-image-394\"\/><\/figure>\n\n\n\n<h3 class=\"wp-block-heading has-greeny-blue-color has-text-color\"><strong>Um\u00f3w wizyt\u0119<br>ju\u017c teraz!<\/strong><\/h3>\n\n\n\n<div class=\"wp-block-group is-layout-flow wp-block-group-is-layout-flow\">\n<div class=\"wp-block-buttons is-layout-flex wp-block-buttons-is-layout-flex\">\n<div class=\"wp-block-button is-style-fill\"><a class=\"wp-block-button__link wp-element-button\" href=\"https:\/\/profizjoclinic.pl\/umow-wizyte\/\">Zadzwo\u0144 teraz<\/a><\/div>\n<\/div>\n\n\n\n<div class=\"wp-block-group phone-wrapper is-layout-flow wp-block-group-is-layout-flow\"><a class=\"phone-number\" href=\"tel:509 966 988\"><span>509 966 988<\/span><\/a>\n\n\n<a class=\"phone-number secondary\" href=\"tel:71 750 06 30\">71 750 06 30<\/a>\n<\/div>\n<\/div>\n<\/div>\n<\/div>\n<\/div>\n","protected":false},"excerpt":{"rendered":"<p>Absolwent Uniwersytetu Medycznego w Bia\u0142ymstoku. Posiada kilkuletnie do\u015bwiadczenie w indywidualnej pracy z pacjentem. W swojej praktyce koncentruje si\u0119 na dok\u0142adnym wywiadzie oraz szczeg\u00f3\u0142owym badaniu manualnym, kt\u00f3re stanowi\u0105 podstaw\u0119 planowanej terapii. Specjalizuje si\u0119 w diagnostyce i rehabilitacji pacjent\u00f3w ze schorzeniami ortopedycznymi narz\u0105du ruchu, ze szczeg\u00f3lnym uwzgl\u0119dnieniem problem\u00f3w w obr\u0119bie kr\u0119gos\u0142upa oraz staw\u00f3w obwodowych. Zajmuje si\u0119 terapi\u0105&#8230;<\/p>","protected":false},"author":2,"featured_media":4187,"parent":715,"menu_order":0,"comment_status":"closed","ping_status":"closed","template":"","meta":{"inline_featured_image":false,"advgb_blocks_editor_width":"","advgb_blocks_columns_visual_guide":"","_glsr_average":0,"_glsr_ranking":0,"_glsr_reviews":0,"footnotes":""},"class_list":["post-4148","page","type-page","status-publish","has-post-thumbnail","hentry"],"yoast_head":"<!-- This site is optimized with the Yoast SEO Premium plugin v27.3 (Yoast SEO v27.4) - https:\/\/yoast.com\/product\/yoast-seo-premium-wordpress\/ -->\n<title>Micha\u0142 Le\u015bniewski - Profizjoclinic<\/title>\n<meta name=\"robots\" content=\"index, follow, max-snippet:-1, max-image-preview:large, max-video-preview:-1\" \/>\n<link rel=\"canonical\" href=\"https:\/\/profizjoclinic.pl\/en\/our-physiotherapists\/michal-lesniewski\/\" \/>\n<meta property=\"og:locale\" content=\"en_US\" \/>\n<meta property=\"og:type\" content=\"article\" \/>\n<meta property=\"og:title\" content=\"Micha\u0142 Le\u015bniewski\" \/>\n<meta property=\"og:description\" content=\"Absolwent Uniwersytetu Medycznego w Bia\u0142ymstoku. Posiada kilkuletnie do\u015bwiadczenie w indywidualnej pracy z pacjentem. W swojej praktyce koncentruje si\u0119 na dok\u0142adnym wywiadzie oraz szczeg\u00f3\u0142owym badaniu manualnym, kt\u00f3re stanowi\u0105 podstaw\u0119 planowanej terapii. Specjalizuje si\u0119 w diagnostyce i rehabilitacji pacjent\u00f3w ze schorzeniami ortopedycznymi narz\u0105du ruchu, ze szczeg\u00f3lnym uwzgl\u0119dnieniem problem\u00f3w w obr\u0119bie kr\u0119gos\u0142upa oraz staw\u00f3w obwodowych. Zajmuje si\u0119 terapi\u0105...\" \/>\n<meta property=\"og:url\" content=\"https:\/\/profizjoclinic.pl\/en\/our-physiotherapists\/michal-lesniewski\/\" \/>\n<meta property=\"og:site_name\" content=\"Profizjoclinic\" \/>\n<meta property=\"article:publisher\" content=\"https:\/\/www.facebook.com\/profile.php?id=100090600811172\" \/>\n<meta property=\"article:modified_time\" content=\"2026-02-20T20:30:41+00:00\" \/>\n<meta property=\"og:image\" content=\"https:\/\/profizjoclinic.pl\/wp-content\/uploads\/2026\/02\/maska-1-53.png\" \/>\n\t<meta property=\"og:image:width\" content=\"802\" \/>\n\t<meta property=\"og:image:height\" content=\"869\" \/>\n\t<meta property=\"og:image:type\" content=\"image\/png\" \/>\n<meta name=\"twitter:card\" content=\"summary_large_image\" \/>\n<meta name=\"twitter:label1\" content=\"Est. reading time\" \/>\n\t<meta name=\"twitter:data1\" content=\"2 minutes\" \/>\n<script type=\"application\/ld+json\" class=\"yoast-schema-graph\">{\"@context\":\"https:\\\/\\\/schema.org\",\"@graph\":[{\"@type\":\"WebPage\",\"@id\":\"https:\\\/\\\/profizjoclinic.pl\\\/nasi-fizjoterapeuci\\\/michal-lesniewski\\\/\",\"url\":\"https:\\\/\\\/profizjoclinic.pl\\\/nasi-fizjoterapeuci\\\/michal-lesniewski\\\/\",\"name\":\"Micha\u0142 Le\u015bniewski - Profizjoclinic\",\"isPartOf\":{\"@id\":\"https:\\\/\\\/profizjoclinic.pl\\\/#website\"},\"primaryImageOfPage\":{\"@id\":\"https:\\\/\\\/profizjoclinic.pl\\\/nasi-fizjoterapeuci\\\/michal-lesniewski\\\/#primaryimage\"},\"image\":{\"@id\":\"https:\\\/\\\/profizjoclinic.pl\\\/nasi-fizjoterapeuci\\\/michal-lesniewski\\\/#primaryimage\"},\"thumbnailUrl\":\"https:\\\/\\\/profizjoclinic.pl\\\/wp-content\\\/uploads\\\/2026\\\/02\\\/maska-1-53.png\",\"datePublished\":\"2026-02-20T18:38:19+00:00\",\"dateModified\":\"2026-02-20T20:30:41+00:00\",\"breadcrumb\":{\"@id\":\"https:\\\/\\\/profizjoclinic.pl\\\/nasi-fizjoterapeuci\\\/michal-lesniewski\\\/#breadcrumb\"},\"inLanguage\":\"en-US\",\"potentialAction\":[{\"@type\":\"ReadAction\",\"target\":[\"https:\\\/\\\/profizjoclinic.pl\\\/nasi-fizjoterapeuci\\\/michal-lesniewski\\\/\"]}]},{\"@type\":\"ImageObject\",\"inLanguage\":\"en-US\",\"@id\":\"https:\\\/\\\/profizjoclinic.pl\\\/nasi-fizjoterapeuci\\\/michal-lesniewski\\\/#primaryimage\",\"url\":\"https:\\\/\\\/profizjoclinic.pl\\\/wp-content\\\/uploads\\\/2026\\\/02\\\/maska-1-53.png\",\"contentUrl\":\"https:\\\/\\\/profizjoclinic.pl\\\/wp-content\\\/uploads\\\/2026\\\/02\\\/maska-1-53.png\",\"width\":802,\"height\":869},{\"@type\":\"BreadcrumbList\",\"@id\":\"https:\\\/\\\/profizjoclinic.pl\\\/nasi-fizjoterapeuci\\\/michal-lesniewski\\\/#breadcrumb\",\"itemListElement\":[{\"@type\":\"ListItem\",\"position\":1,\"name\":\"Home\",\"item\":\"https:\\\/\\\/profizjoclinic.pl\\\/\"},{\"@type\":\"ListItem\",\"position\":2,\"name\":\"Nasz Zesp\u00f3\u0142\",\"item\":\"https:\\\/\\\/profizjoclinic.pl\\\/nasi-fizjoterapeuci\\\/\"},{\"@type\":\"ListItem\",\"position\":3,\"name\":\"Micha\u0142 Le\u015bniewski\"}]},{\"@type\":\"WebSite\",\"@id\":\"https:\\\/\\\/profizjoclinic.pl\\\/#website\",\"url\":\"https:\\\/\\\/profizjoclinic.pl\\\/\",\"name\":\"Profizjoclinic\",\"description\":\"Profizjoclinic - Topowi fizjoterapeuci i ortopedzi we Wroc\u0142awiu!\",\"publisher\":{\"@id\":\"https:\\\/\\\/profizjoclinic.pl\\\/#organization\"},\"potentialAction\":[{\"@type\":\"SearchAction\",\"target\":{\"@type\":\"EntryPoint\",\"urlTemplate\":\"https:\\\/\\\/profizjoclinic.pl\\\/?s={search_term_string}\"},\"query-input\":{\"@type\":\"PropertyValueSpecification\",\"valueRequired\":true,\"valueName\":\"search_term_string\"}}],\"inLanguage\":\"en-US\"},{\"@type\":\"Organization\",\"@id\":\"https:\\\/\\\/profizjoclinic.pl\\\/#organization\",\"name\":\"Profizjoclinic sp. z o.o.\",\"url\":\"https:\\\/\\\/profizjoclinic.pl\\\/\",\"logo\":{\"@type\":\"ImageObject\",\"inLanguage\":\"en-US\",\"@id\":\"https:\\\/\\\/profizjoclinic.pl\\\/#\\\/schema\\\/logo\\\/image\\\/\",\"url\":\"https:\\\/\\\/profizjoclinic.pl\\\/wp-content\\\/uploads\\\/2023\\\/06\\\/pfc-logo.png\",\"contentUrl\":\"https:\\\/\\\/profizjoclinic.pl\\\/wp-content\\\/uploads\\\/2023\\\/06\\\/pfc-logo.png\",\"width\":329,\"height\":86,\"caption\":\"Profizjoclinic sp. z o.o.\"},\"image\":{\"@id\":\"https:\\\/\\\/profizjoclinic.pl\\\/#\\\/schema\\\/logo\\\/image\\\/\"},\"sameAs\":[\"https:\\\/\\\/www.facebook.com\\\/profile.php?id=100090600811172\"]}]}<\/script>\n<!-- \/ Yoast SEO Premium plugin. -->","yoast_head_json":{"title":"Micha\u0142 Le\u015bniewski - Profizjoclinic","robots":{"index":"index","follow":"follow","max-snippet":"max-snippet:-1","max-image-preview":"max-image-preview:large","max-video-preview":"max-video-preview:-1"},"canonical":"https:\/\/profizjoclinic.pl\/en\/our-physiotherapists\/michal-lesniewski\/","og_locale":"en_US","og_type":"article","og_title":"Micha\u0142 Le\u015bniewski","og_description":"Absolwent Uniwersytetu Medycznego w Bia\u0142ymstoku. Posiada kilkuletnie do\u015bwiadczenie w indywidualnej pracy z pacjentem. W swojej praktyce koncentruje si\u0119 na dok\u0142adnym wywiadzie oraz szczeg\u00f3\u0142owym badaniu manualnym, kt\u00f3re stanowi\u0105 podstaw\u0119 planowanej terapii. Specjalizuje si\u0119 w diagnostyce i rehabilitacji pacjent\u00f3w ze schorzeniami ortopedycznymi narz\u0105du ruchu, ze szczeg\u00f3lnym uwzgl\u0119dnieniem problem\u00f3w w obr\u0119bie kr\u0119gos\u0142upa oraz staw\u00f3w obwodowych. Zajmuje si\u0119 terapi\u0105...","og_url":"https:\/\/profizjoclinic.pl\/en\/our-physiotherapists\/michal-lesniewski\/","og_site_name":"Profizjoclinic","article_publisher":"https:\/\/www.facebook.com\/profile.php?id=100090600811172","article_modified_time":"2026-02-20T20:30:41+00:00","og_image":[{"width":802,"height":869,"url":"https:\/\/profizjoclinic.pl\/wp-content\/uploads\/2026\/02\/maska-1-53.png","type":"image\/png"}],"twitter_card":"summary_large_image","twitter_misc":{"Est. reading time":"2 minutes"},"schema":{"@context":"https:\/\/schema.org","@graph":[{"@type":"WebPage","@id":"https:\/\/profizjoclinic.pl\/nasi-fizjoterapeuci\/michal-lesniewski\/","url":"https:\/\/profizjoclinic.pl\/nasi-fizjoterapeuci\/michal-lesniewski\/","name":"Micha\u0142 Le\u015bniewski - Profizjoclinic","isPartOf":{"@id":"https:\/\/profizjoclinic.pl\/#website"},"primaryImageOfPage":{"@id":"https:\/\/profizjoclinic.pl\/nasi-fizjoterapeuci\/michal-lesniewski\/#primaryimage"},"image":{"@id":"https:\/\/profizjoclinic.pl\/nasi-fizjoterapeuci\/michal-lesniewski\/#primaryimage"},"thumbnailUrl":"https:\/\/profizjoclinic.pl\/wp-content\/uploads\/2026\/02\/maska-1-53.png","datePublished":"2026-02-20T18:38:19+00:00","dateModified":"2026-02-20T20:30:41+00:00","breadcrumb":{"@id":"https:\/\/profizjoclinic.pl\/nasi-fizjoterapeuci\/michal-lesniewski\/#breadcrumb"},"inLanguage":"en-US","potentialAction":[{"@type":"ReadAction","target":["https:\/\/profizjoclinic.pl\/nasi-fizjoterapeuci\/michal-lesniewski\/"]}]},{"@type":"ImageObject","inLanguage":"en-US","@id":"https:\/\/profizjoclinic.pl\/nasi-fizjoterapeuci\/michal-lesniewski\/#primaryimage","url":"https:\/\/profizjoclinic.pl\/wp-content\/uploads\/2026\/02\/maska-1-53.png","contentUrl":"https:\/\/profizjoclinic.pl\/wp-content\/uploads\/2026\/02\/maska-1-53.png","width":802,"height":869},{"@type":"BreadcrumbList","@id":"https:\/\/profizjoclinic.pl\/nasi-fizjoterapeuci\/michal-lesniewski\/#breadcrumb","itemListElement":[{"@type":"ListItem","position":1,"name":"Home","item":"https:\/\/profizjoclinic.pl\/"},{"@type":"ListItem","position":2,"name":"Nasz Zesp\u00f3\u0142","item":"https:\/\/profizjoclinic.pl\/nasi-fizjoterapeuci\/"},{"@type":"ListItem","position":3,"name":"Micha\u0142 Le\u015bniewski"}]},{"@type":"WebSite","@id":"https:\/\/profizjoclinic.pl\/#website","url":"https:\/\/profizjoclinic.pl\/","name":"Profizjoclinic","description":"Profizjoclinic - Top physiotherapists and orthopedists in Wroclaw!","publisher":{"@id":"https:\/\/profizjoclinic.pl\/#organization"},"potentialAction":[{"@type":"SearchAction","target":{"@type":"EntryPoint","urlTemplate":"https:\/\/profizjoclinic.pl\/?s={search_term_string}"},"query-input":{"@type":"PropertyValueSpecification","valueRequired":true,"valueName":"search_term_string"}}],"inLanguage":"en-US"},{"@type":"Organization","@id":"https:\/\/profizjoclinic.pl\/#organization","name":"Profizjoclinic Ltd.","url":"https:\/\/profizjoclinic.pl\/","logo":{"@type":"ImageObject","inLanguage":"en-US","@id":"https:\/\/profizjoclinic.pl\/#\/schema\/logo\/image\/","url":"https:\/\/profizjoclinic.pl\/wp-content\/uploads\/2023\/06\/pfc-logo.png","contentUrl":"https:\/\/profizjoclinic.pl\/wp-content\/uploads\/2023\/06\/pfc-logo.png","width":329,"height":86,"caption":"Profizjoclinic sp. z o.o."},"image":{"@id":"https:\/\/profizjoclinic.pl\/#\/schema\/logo\/image\/"},"sameAs":["https:\/\/www.facebook.com\/profile.php?id=100090600811172"]}]}},"coauthors":[],"author_meta":{"author_link":"https:\/\/profizjoclinic.pl\/en\/author\/karolina-pfc\/","display_name":"Karolina"},"relative_dates":{"created":"Posted 2 months ago","modified":"Updated 2 months ago"},"absolute_dates":{"created":"Posted on 2026-02-20","modified":"Updated on 2026-02-20"},"absolute_dates_time":{"created":"Posted on 2026-02-20 19:38","modified":"Updated on 2026-02-20 21:30"},"featured_img_caption":"","featured_img":"https:\/\/profizjoclinic.pl\/wp-content\/uploads\/2026\/02\/maska-1-53-802x510.png","series_order":"","_links":{"self":[{"href":"https:\/\/profizjoclinic.pl\/en\/wp-json\/wp\/v2\/pages\/4148","targetHints":{"allow":["GET"]}}],"collection":[{"href":"https:\/\/profizjoclinic.pl\/en\/wp-json\/wp\/v2\/pages"}],"about":[{"href":"https:\/\/profizjoclinic.pl\/en\/wp-json\/wp\/v2\/types\/page"}],"author":[{"embeddable":true,"href":"https:\/\/profizjoclinic.pl\/en\/wp-json\/wp\/v2\/users\/2"}],"replies":[{"embeddable":true,"href":"https:\/\/profizjoclinic.pl\/en\/wp-json\/wp\/v2\/comments?post=4148"}],"version-history":[{"count":3,"href":"https:\/\/profizjoclinic.pl\/en\/wp-json\/wp\/v2\/pages\/4148\/revisions"}],"predecessor-version":[{"id":4179,"href":"https:\/\/profizjoclinic.pl\/en\/wp-json\/wp\/v2\/pages\/4148\/revisions\/4179"}],"up":[{"embeddable":true,"href":"https:\/\/profizjoclinic.pl\/en\/wp-json\/wp\/v2\/pages\/715"}],"wp:featuredmedia":[{"embeddable":true,"href":"https:\/\/profizjoclinic.pl\/en\/wp-json\/wp\/v2\/media\/4187"}],"wp:attachment":[{"href":"https:\/\/profizjoclinic.pl\/en\/wp-json\/wp\/v2\/media?parent=4148"}],"curies":[{"name":"wp","href":"https:\/\/api.w.org\/{rel}","templated":true}]}}