{"id":1795,"date":"2023-12-07T20:11:26","date_gmt":"2023-12-07T19:11:26","guid":{"rendered":"https:\/\/profizjoclinic.pl\/?page_id=1795"},"modified":"2026-01-03T16:15:55","modified_gmt":"2026-01-03T15:15:55","slug":"joanna-strzelecka","status":"publish","type":"page","link":"https:\/\/profizjoclinic.pl\/en\/joanna-strzelecka\/","title":{"rendered":"Joanna Strzelecka"},"content":{"rendered":"\n<div class=\"wp-block-columns is-layout-flex wp-container-core-columns-is-layout-9d6595d7 wp-block-columns-is-layout-flex\">\n<div class=\"wp-block-column is-layout-flow wp-block-column-is-layout-flow\" style=\"flex-basis:66.66%\">\n<p>Cze\u015b\u0107! <\/p>\n\n\n\n<p>Jestem Joanna Strzelecka: absolwentka Akademii Wychowania Fizycznego J\u00f3zefa Pi\u0142sudskiego w Warszawie i Twoja <strong>specjalistka w dziedzinie fizjoterapii<\/strong>. Najcz\u0119\u015bciej pracuj\u0119 z pacjentami ortopedycznymi. Opr\u00f3cz Tego \u017ce pomog\u0119 zwalczy\u0107 Ci b\u00f3l kolana, barku, plec\u00f3w czy biodra\u2026 dodatkowo wykonuj\u0119 r\u00f3wnie\u017c <strong>terapi\u0119 uroginekologiczn\u0105<\/strong>, gdzie oferuj\u0119 holistyczne i skuteczne wsparcie dla kobiet w ka\u017cdym wieku, zw\u0142aszcza w okresie ci\u0105\u017cy i oko\u0142oporodowym. Zdobyt\u0105 wiedz\u0119 teoretyczn\u0105 i praktyczn\u0105 na studiach, a tak\u017ce specjalistycznych kursach oraz szkoleniach, przemieniam natomiast w skuteczn\u0105 pomoc dla moich pacjent\u00f3w.<\/p>\n\n\n\n<p>W praktyce fizjoterapeutycznej \u0142\u0105cz\u0119 wiedz\u0119, do\u015bwiadczenie i <strong>g\u0142\u0119bokie zrozumienie potrzeb cia\u0142a<\/strong>. Stawiam na holistyczne podej\u015bcie do ka\u017cdego pacjenta, analizuj\u0105c nie tylko objawy b\u00f3lu, ale tak\u017ce szukaj\u0105c pierwotnych przyczyn dolegliwo\u015bci i badaj\u0105c codzienne wzorce ruchowe. Moim celem jest bowiem nie tylko leczenie, ale tak\u017ce <strong>profilaktyka i edukacja pacjent\u00f3w<\/strong>. W ten spos\u00f3b mo\u017cesz lepiej zrozumie\u0107 i zadba\u0107 o swoje cia\u0142o, co <strong>uchroni Ci\u0119 przed przewlek\u0142ymi dysfunkcjami i b\u00f3lami<\/strong>. Sama regularnie uprawiam sport (m.in. biegi przeszkodowe i aerial hoop), wi\u0119c zdaj\u0119 sobie spraw\u0119, jak wa\u017cna jest profesjonalna opieka fizjoterapeutyczna.<\/p>\n\n\n\n<p>Posiadam 5-letnie do\u015bwiadczenie w pracy z pacjentami ortopedycznymi. <strong>Do tej pory uko\u0144czy\u0142am wiele specjalistycznych kurs\u00f3w z zakresu terapii manualnej oraz terapii uroginekologicznej.<\/strong> Nie przestaj\u0119 si\u0119 jednak rozwija\u0107 i zdobywa\u0107 wiedz\u0119 medyczn\u0105, opart\u0105 na najnowszych badaniach, aby skutecznie i trwale leczy\u0107 Twoje dolegliwo\u015bci, pozbywa\u0107 si\u0119 b\u00f3lu i poprawi\u0107 jako\u015b\u0107 Twojego \u017cycia. Ka\u017cdy pacjent i pacjentka jest traktowana przeze mnie z najwy\u017csz\u0105 trosk\u0105 oraz uwag\u0105. Doskonale rozumiem, jak wa\u017cne jest <strong>wsparcie fizyczne i psychiczne w procesie leczenia<\/strong>, dlatego zawsze tworz\u0119 bezpieczne i komfortowe \u015brodowisko dla pacjent\u00f3w w moim gabinecie fizjoterapeutycznym we Wroc\u0142awiu.<\/p>\n\n\n\n<p>Je\u015bli wi\u0119c szukasz specjalisty, kt\u00f3ry \u0142\u0105czy profesjonalizm, skuteczno\u015b\u0107 i wiedz\u0119 z empati\u0105 oraz indywidualnym podej\u015bciem, <strong>zapraszam Ci\u0119 do skorzystania z mojej pomocy<\/strong>. Razem wykonajmy skuteczne kroki w kierunku Twojego zdrowia i dobrego samopoczucia. <strong>Zarezerwuj wizyt\u0119 i rozpocznij podr\u00f3\u017c ku \u017cyciu bez b\u00f3lu oraz dolegliwo\u015bci.<\/strong><\/p>\n\n\n\n<p>Numer uprawnie\u0144: <strong>46977<\/strong> (<a href=\"https:\/\/kif.info.pl\/rejestr\/\" target=\"_blank\" rel=\"noreferrer noopener nofollow\">https:\/\/kif.info.pl\/rejestr\/<\/a>).<\/p>\n\n\n\n<p>Poni\u017cej mo\u017cesz r\u00f3wnie\u017c zapozna\u0107 si\u0119 z list\u0105 szkole\u0144, kurs\u00f3w i warsztat\u00f3w, kt\u00f3re uko\u0144czy\u0142am.<\/p>\n\n\n\n<ul class=\"wp-block-list\">\n<li>Kurs Fizjoterapia w nietrzymaniu moczu i stolca oraz w obni\u017ceniu narz\u0105d\u00f3w miednicy mniejszej \u2013 modu\u0142 I, II, III, IV i V z akredytacj\u0105 PTUG (Reha Plus).<\/li>\n\n\n\n<li>Kurs teoretyczny i praktyczny z wykorzystaniem INDIBA activ Cell Therapy.<\/li>\n\n\n\n<li>Kurs aktywno\u015b\u0107 fizyczna pacjent\u00f3w uroonkologicznych (KIF).<\/li>\n\n\n\n<li>Kurs Fizjoterapia w po\u0142ogu metod\u0105 Koszli (Dobry Pocz\u0105tek).<\/li>\n\n\n\n<li>Kurs Terapii Manualnej Rakowskiego \u2013 4 modu\u0142y kursu podstawowego.<\/li>\n\n\n\n<li>Kurs Terapii Manualnej Rakowskiego \u2013 2 modu\u0142y kursu specjalistycznego.<\/li>\n\n\n\n<li>Kurs Rehabilitacji oko\u0142oporodowej z akredytacj\u0105 PTUG (modu\u0142 I, II, III).<\/li>\n\n\n\n<li>Kurs Masa\u017c Tkanek G\u0142\u0119bokich i rozlu\u017anianie mi\u0119\u015bniowo \u2013 powi\u0119ziowe z anatomi\u0105 palpacyjn\u0105.<\/li>\n\n\n\n<li>Kurs Suche ig\u0142owanie- medyczna akupunktura \u2013 modu\u0142 I- (Rehaintegro).<\/li>\n\n\n\n<li>PNF kurs podstawowy \u2013 (Reha Plus).<\/li>\n\n\n\n<li>Kurs Globalna Terapia Stopy (Medical Moment).<\/li>\n\n\n\n<li>Kurs trenera personalnego \u2013 (AKFiTS w Warszawie).<\/li>\n\n\n\n<li>Warsztaty Kinesiology taping w ci\u0105\u017cy (Rehakursy).<\/li>\n\n\n\n<li>Kurs Wczesna interwencja. Elementy diagnozy i terapii dziecka w wieku 0-12 miesi\u0119cy z zaburzonym rozwojem psychoruchowym (Sensuum).<\/li>\n<\/ul>\n\n\n\n<div class=\"wp-block-columns is-layout-flex wp-container-core-columns-is-layout-9d6595d7 wp-block-columns-is-layout-flex\">\n<div class=\"wp-block-column is-layout-flow wp-block-column-is-layout-flow\" style=\"flex-basis:66.66%\"><\/div>\n<\/div>\n\n\n\n<h3 class=\"wp-block-heading\" id=\"h-dyplomy-i-certyfikaty\"><strong>Dyplomy i certyfikaty<\/strong><\/h3>\n<\/div>\n\n\n\n<div class=\"wp-block-column is-layout-flow wp-block-column-is-layout-flow\" style=\"flex-basis:33.33%\">\n<p><a id=\"zl-url\" class=\"zl-url\" href=\"https:\/\/www.znanylekarz.pl\/joanna-strzelecka-2\/fizjoterapeuta\/wroclaw\" rel=\"nofollow\" data-zlw-doctor=\"joanna-strzelecka-2\" data-zlw-type=\"big_with_calendar\" data-zlw-opinion=\"false\" data-zlw-hide-branding=\"true\" data-zlw-saas-only=\"false\">Joanna Strzelecka &#8211; ZnanyLekarz.pl<\/a><\/p>\n\n\n\n<script>!function($_x,_s,id){var js,fjs=$_x.getElementsByTagName(_s)[0];if(!$_x.getElementById(id)){js = $_x.createElement(_s);js.id = id;js.src = \"\/\/platform.docplanner.com\/js\/widget.js\";fjs.parentNode.insertBefore(js,fjs);}}(document,\"script\",\"zl-widget-s\");<\/script>\n\n\n\n<div class=\"wp-block-columns is-layout-flex wp-container-core-columns-is-layout-9d6595d7 wp-block-columns-is-layout-flex\">\n<div class=\"wp-block-column is-layout-flow wp-block-column-is-layout-flow\">\n<div class=\"wp-block-columns is-layout-flex wp-container-core-columns-is-layout-9d6595d7 wp-block-columns-is-layout-flex\">\n<div class=\"wp-block-column is-layout-flow wp-block-column-is-layout-flow\" style=\"flex-basis:25%\"><\/div>\n\n\n\n<div class=\"wp-block-column is-layout-flow wp-block-column-is-layout-flow\" style=\"flex-basis:50%\">\n<a id=\"zl-url\" class=\"zl-url\" href=\"https:\/\/www.znanylekarz.pl\/joanna-strzelecka-2\/fizjoterapeuta\/wroclaw\" rel=\"nofollow\" data-zlw-doctor=\"joanna-strzelecka-2\" data-zlw-type=\"certificate\" data-zlw-opinion=\"false\" data-zlw-hide-branding=\"true\" data-zlw-saas-only=\"false\">Joanna Strzelecka &#8211; ZnanyLekarz.pl<\/a><script>!function($_x,_s,id){var js,fjs=$_x.getElementsByTagName(_s)[0];if(!$_x.getElementById(id)){js = $_x.createElement(_s);js.id = id;js.src = \"\/\/platform.docplanner.com\/js\/widget.js\";fjs.parentNode.insertBefore(js,fjs);}}(document,\"script\",\"zl-widget-s\");<\/script>\n<\/div>\n\n\n\n<div class=\"wp-block-column is-layout-flow wp-block-column-is-layout-flow\" style=\"flex-basis:25%\"><\/div>\n<\/div>\n<\/div>\n<\/div>\n\n\n\n<div class=\"wp-block-columns is-layout-flex wp-container-core-columns-is-layout-9d6595d7 wp-block-columns-is-layout-flex\">\n<div class=\"wp-block-column is-layout-flow wp-block-column-is-layout-flow\"><\/div>\n\n\n\n<div class=\"wp-block-column is-layout-flow wp-block-column-is-layout-flow\"><\/div>\n<\/div>\n<\/div>\n<\/div>\n\n\n\n<div class=\"wp-block-cb-carousel\" data-slick=\"{&quot;slidesToShow&quot;:4,&quot;slidesToScroll&quot;:4,&quot;speed&quot;:300,&quot;arrows&quot;:true,&quot;dots&quot;:false,&quot;autoplay&quot;:true,&quot;autoplaySpeed&quot;:3000,&quot;infinite&quot;:true,&quot;responsive&quot;:[{&quot;breakpoint&quot;:768,&quot;settings&quot;:{&quot;slidesToShow&quot;:2,&quot;slidesToScroll&quot;:1}}]}\">\n<div class=\"wp-block-cb-slide\">\n<figure class=\"wp-block-image aligncenter size-full\"><img loading=\"lazy\" decoding=\"async\" width=\"3436\" height=\"2409\" src=\"https:\/\/profizjoclinic.pl\/wp-content\/uploads\/2024\/04\/7-1-rotated.jpg\" alt=\"\" class=\"wp-image-2032\"\/><\/figure>\n<\/div>\n\n\n\n<div class=\"wp-block-cb-slide\">\n<figure class=\"wp-block-image aligncenter size-full\"><img loading=\"lazy\" decoding=\"async\" width=\"2409\" height=\"3436\" src=\"https:\/\/profizjoclinic.pl\/wp-content\/uploads\/2024\/04\/2-2.jpg\" alt=\"\" class=\"wp-image-2033\"\/><\/figure>\n<\/div>\n\n\n\n<div class=\"wp-block-cb-slide\">\n<figure class=\"wp-block-image aligncenter size-full\"><img loading=\"lazy\" decoding=\"async\" width=\"3436\" height=\"2409\" src=\"https:\/\/profizjoclinic.pl\/wp-content\/uploads\/2024\/04\/4-1-rotated.jpg\" alt=\"\" class=\"wp-image-2034\"\/><\/figure>\n<\/div>\n\n\n\n<div class=\"wp-block-cb-slide\">\n<figure class=\"wp-block-image aligncenter size-full\"><img loading=\"lazy\" decoding=\"async\" width=\"2409\" height=\"3436\" src=\"https:\/\/profizjoclinic.pl\/wp-content\/uploads\/2024\/04\/5.jpg\" alt=\"\" class=\"wp-image-2035\"\/><\/figure>\n<\/div>\n\n\n\n<div class=\"wp-block-cb-slide\">\n<figure class=\"wp-block-image aligncenter size-full\"><img loading=\"lazy\" decoding=\"async\" width=\"3436\" height=\"2409\" src=\"https:\/\/profizjoclinic.pl\/wp-content\/uploads\/2024\/04\/3-rotated.jpg\" alt=\"\" class=\"wp-image-2036\"\/><\/figure>\n<\/div>\n\n\n\n<div class=\"wp-block-cb-slide\">\n<figure class=\"wp-block-image aligncenter size-full\"><img loading=\"lazy\" decoding=\"async\" width=\"2409\" height=\"3436\" src=\"https:\/\/profizjoclinic.pl\/wp-content\/uploads\/2024\/04\/9.jpg\" alt=\"\" class=\"wp-image-2037\"\/><\/figure>\n<\/div>\n\n\n\n<div class=\"wp-block-cb-slide\">\n<figure class=\"wp-block-image aligncenter size-full\"><img loading=\"lazy\" decoding=\"async\" width=\"2409\" height=\"3436\" src=\"https:\/\/profizjoclinic.pl\/wp-content\/uploads\/2024\/04\/10-1.jpg\" alt=\"\" class=\"wp-image-2038\"\/><\/figure>\n<\/div>\n\n\n\n<div class=\"wp-block-cb-slide\">\n<figure class=\"wp-block-image aligncenter size-full\"><img loading=\"lazy\" decoding=\"async\" width=\"3436\" height=\"2409\" src=\"https:\/\/profizjoclinic.pl\/wp-content\/uploads\/2024\/04\/11-rotated.jpg\" alt=\"\" class=\"wp-image-2039\"\/><\/figure>\n<\/div>\n\n\n\n<div class=\"wp-block-cb-slide\">\n<figure class=\"wp-block-image aligncenter size-full\"><img loading=\"lazy\" decoding=\"async\" width=\"2409\" height=\"3436\" src=\"https:\/\/profizjoclinic.pl\/wp-content\/uploads\/2024\/04\/8.jpg\" alt=\"\" class=\"wp-image-2040\"\/><\/figure>\n<\/div>\n\n\n\n<div class=\"wp-block-cb-slide\">\n<figure class=\"wp-block-image aligncenter size-full\"><img loading=\"lazy\" decoding=\"async\" width=\"2409\" height=\"3436\" src=\"https:\/\/profizjoclinic.pl\/wp-content\/uploads\/2024\/04\/CCI12032024.jpg\" alt=\"\" class=\"wp-image-2041\"\/><\/figure>\n<\/div>\n<\/div>\n","protected":false},"excerpt":{"rendered":"<p>Cze\u015b\u0107! Jestem Joanna Strzelecka: absolwentka Akademii Wychowania Fizycznego J\u00f3zefa Pi\u0142sudskiego w Warszawie i Twoja specjalistka w dziedzinie fizjoterapii. Najcz\u0119\u015bciej pracuj\u0119 z pacjentami ortopedycznymi. Opr\u00f3cz Tego \u017ce pomog\u0119 zwalczy\u0107 Ci b\u00f3l kolana, barku, plec\u00f3w czy biodra\u2026 dodatkowo wykonuj\u0119 r\u00f3wnie\u017c terapi\u0119 uroginekologiczn\u0105, gdzie oferuj\u0119 holistyczne i skuteczne wsparcie dla kobiet w ka\u017cdym wieku, zw\u0142aszcza w okresie ci\u0105\u017cy&#8230;<\/p>","protected":false},"author":2,"featured_media":0,"parent":0,"menu_order":0,"comment_status":"closed","ping_status":"closed","template":"","meta":{"inline_featured_image":false,"advgb_blocks_editor_width":"","advgb_blocks_columns_visual_guide":"","_glsr_average":0,"_glsr_ranking":0,"_glsr_reviews":0,"footnotes":""},"class_list":["post-1795","page","type-page","status-publish","hentry"],"yoast_head":"<!-- This site is optimized with the Yoast SEO Premium plugin v27.4 (Yoast SEO v27.4) - https:\/\/yoast.com\/product\/yoast-seo-premium-wordpress\/ -->\n<title>Joanna Strzelecka - Profizjoclinic<\/title>\n<meta name=\"robots\" content=\"index, follow, max-snippet:-1, max-image-preview:large, max-video-preview:-1\" \/>\n<link rel=\"canonical\" href=\"https:\/\/profizjoclinic.pl\/en\/joanna-strzelecka\/\" \/>\n<meta property=\"og:locale\" content=\"en_US\" \/>\n<meta property=\"og:type\" content=\"article\" \/>\n<meta property=\"og:title\" content=\"Joanna Strzelecka\" \/>\n<meta property=\"og:description\" content=\"Cze\u015b\u0107! Jestem Joanna Strzelecka: absolwentka Akademii Wychowania Fizycznego J\u00f3zefa Pi\u0142sudskiego w Warszawie i Twoja specjalistka w dziedzinie fizjoterapii. Najcz\u0119\u015bciej pracuj\u0119 z pacjentami ortopedycznymi. Opr\u00f3cz Tego \u017ce pomog\u0119 zwalczy\u0107 Ci b\u00f3l kolana, barku, plec\u00f3w czy biodra\u2026 dodatkowo wykonuj\u0119 r\u00f3wnie\u017c terapi\u0119 uroginekologiczn\u0105, gdzie oferuj\u0119 holistyczne i skuteczne wsparcie dla kobiet w ka\u017cdym wieku, zw\u0142aszcza w okresie ci\u0105\u017cy...\" \/>\n<meta property=\"og:url\" content=\"https:\/\/profizjoclinic.pl\/en\/joanna-strzelecka\/\" \/>\n<meta property=\"og:site_name\" content=\"Profizjoclinic\" \/>\n<meta property=\"article:publisher\" content=\"https:\/\/www.facebook.com\/profile.php?id=100090600811172\" \/>\n<meta property=\"article:modified_time\" content=\"2026-01-03T15:15:55+00:00\" \/>\n<meta property=\"og:image\" content=\"https:\/\/profizjoclinic.pl\/wp-content\/uploads\/2024\/04\/7-1-rotated.jpg\" \/>\n\t<meta property=\"og:image:width\" content=\"3436\" \/>\n\t<meta property=\"og:image:height\" content=\"2409\" \/>\n\t<meta property=\"og:image:type\" content=\"image\/jpeg\" \/>\n<meta name=\"twitter:card\" content=\"summary_large_image\" \/>\n<meta name=\"twitter:label1\" content=\"Est. reading time\" \/>\n\t<meta name=\"twitter:data1\" content=\"5 minutes\" \/>\n<script type=\"application\/ld+json\" class=\"yoast-schema-graph\">{\"@context\":\"https:\\\/\\\/schema.org\",\"@graph\":[{\"@type\":\"WebPage\",\"@id\":\"https:\\\/\\\/profizjoclinic.pl\\\/joanna-strzelecka\\\/\",\"url\":\"https:\\\/\\\/profizjoclinic.pl\\\/joanna-strzelecka\\\/\",\"name\":\"Joanna Strzelecka - Profizjoclinic\",\"isPartOf\":{\"@id\":\"https:\\\/\\\/profizjoclinic.pl\\\/#website\"},\"primaryImageOfPage\":{\"@id\":\"https:\\\/\\\/profizjoclinic.pl\\\/joanna-strzelecka\\\/#primaryimage\"},\"image\":{\"@id\":\"https:\\\/\\\/profizjoclinic.pl\\\/joanna-strzelecka\\\/#primaryimage\"},\"thumbnailUrl\":\"https:\\\/\\\/profizjoclinic.pl\\\/wp-content\\\/uploads\\\/2024\\\/04\\\/7-1-rotated.jpg\",\"datePublished\":\"2023-12-07T19:11:26+00:00\",\"dateModified\":\"2026-01-03T15:15:55+00:00\",\"breadcrumb\":{\"@id\":\"https:\\\/\\\/profizjoclinic.pl\\\/joanna-strzelecka\\\/#breadcrumb\"},\"inLanguage\":\"en-US\",\"potentialAction\":[{\"@type\":\"ReadAction\",\"target\":[\"https:\\\/\\\/profizjoclinic.pl\\\/joanna-strzelecka\\\/\"]}]},{\"@type\":\"ImageObject\",\"inLanguage\":\"en-US\",\"@id\":\"https:\\\/\\\/profizjoclinic.pl\\\/joanna-strzelecka\\\/#primaryimage\",\"url\":\"https:\\\/\\\/profizjoclinic.pl\\\/wp-content\\\/uploads\\\/2024\\\/04\\\/7-1-rotated.jpg\",\"contentUrl\":\"https:\\\/\\\/profizjoclinic.pl\\\/wp-content\\\/uploads\\\/2024\\\/04\\\/7-1-rotated.jpg\"},{\"@type\":\"BreadcrumbList\",\"@id\":\"https:\\\/\\\/profizjoclinic.pl\\\/joanna-strzelecka\\\/#breadcrumb\",\"itemListElement\":[{\"@type\":\"ListItem\",\"position\":1,\"name\":\"Home\",\"item\":\"https:\\\/\\\/profizjoclinic.pl\\\/\"},{\"@type\":\"ListItem\",\"position\":2,\"name\":\"Joanna Strzelecka\"}]},{\"@type\":\"WebSite\",\"@id\":\"https:\\\/\\\/profizjoclinic.pl\\\/#website\",\"url\":\"https:\\\/\\\/profizjoclinic.pl\\\/\",\"name\":\"Profizjoclinic\",\"description\":\"Profizjoclinic - Topowi fizjoterapeuci i ortopedzi we Wroc\u0142awiu!\",\"publisher\":{\"@id\":\"https:\\\/\\\/profizjoclinic.pl\\\/#organization\"},\"potentialAction\":[{\"@type\":\"SearchAction\",\"target\":{\"@type\":\"EntryPoint\",\"urlTemplate\":\"https:\\\/\\\/profizjoclinic.pl\\\/?s={search_term_string}\"},\"query-input\":{\"@type\":\"PropertyValueSpecification\",\"valueRequired\":true,\"valueName\":\"search_term_string\"}}],\"inLanguage\":\"en-US\"},{\"@type\":\"Organization\",\"@id\":\"https:\\\/\\\/profizjoclinic.pl\\\/#organization\",\"name\":\"Profizjoclinic sp. z o.o.\",\"url\":\"https:\\\/\\\/profizjoclinic.pl\\\/\",\"logo\":{\"@type\":\"ImageObject\",\"inLanguage\":\"en-US\",\"@id\":\"https:\\\/\\\/profizjoclinic.pl\\\/#\\\/schema\\\/logo\\\/image\\\/\",\"url\":\"https:\\\/\\\/profizjoclinic.pl\\\/wp-content\\\/uploads\\\/2023\\\/06\\\/pfc-logo.png\",\"contentUrl\":\"https:\\\/\\\/profizjoclinic.pl\\\/wp-content\\\/uploads\\\/2023\\\/06\\\/pfc-logo.png\",\"width\":329,\"height\":86,\"caption\":\"Profizjoclinic sp. z o.o.\"},\"image\":{\"@id\":\"https:\\\/\\\/profizjoclinic.pl\\\/#\\\/schema\\\/logo\\\/image\\\/\"},\"sameAs\":[\"https:\\\/\\\/www.facebook.com\\\/profile.php?id=100090600811172\"]}]}<\/script>\n<!-- \/ Yoast SEO Premium plugin. -->","yoast_head_json":{"title":"Joanna Strzelecka - Profizjoclinic","robots":{"index":"index","follow":"follow","max-snippet":"max-snippet:-1","max-image-preview":"max-image-preview:large","max-video-preview":"max-video-preview:-1"},"canonical":"https:\/\/profizjoclinic.pl\/en\/joanna-strzelecka\/","og_locale":"en_US","og_type":"article","og_title":"Joanna Strzelecka","og_description":"Cze\u015b\u0107! Jestem Joanna Strzelecka: absolwentka Akademii Wychowania Fizycznego J\u00f3zefa Pi\u0142sudskiego w Warszawie i Twoja specjalistka w dziedzinie fizjoterapii. Najcz\u0119\u015bciej pracuj\u0119 z pacjentami ortopedycznymi. Opr\u00f3cz Tego \u017ce pomog\u0119 zwalczy\u0107 Ci b\u00f3l kolana, barku, plec\u00f3w czy biodra\u2026 dodatkowo wykonuj\u0119 r\u00f3wnie\u017c terapi\u0119 uroginekologiczn\u0105, gdzie oferuj\u0119 holistyczne i skuteczne wsparcie dla kobiet w ka\u017cdym wieku, zw\u0142aszcza w okresie ci\u0105\u017cy...","og_url":"https:\/\/profizjoclinic.pl\/en\/joanna-strzelecka\/","og_site_name":"Profizjoclinic","article_publisher":"https:\/\/www.facebook.com\/profile.php?id=100090600811172","article_modified_time":"2026-01-03T15:15:55+00:00","og_image":[{"width":3436,"height":2409,"url":"https:\/\/profizjoclinic.pl\/wp-content\/uploads\/2024\/04\/7-1-rotated.jpg","type":"image\/jpeg"}],"twitter_card":"summary_large_image","twitter_misc":{"Est. reading time":"5 minutes"},"schema":{"@context":"https:\/\/schema.org","@graph":[{"@type":"WebPage","@id":"https:\/\/profizjoclinic.pl\/joanna-strzelecka\/","url":"https:\/\/profizjoclinic.pl\/joanna-strzelecka\/","name":"Joanna Strzelecka - Profizjoclinic","isPartOf":{"@id":"https:\/\/profizjoclinic.pl\/#website"},"primaryImageOfPage":{"@id":"https:\/\/profizjoclinic.pl\/joanna-strzelecka\/#primaryimage"},"image":{"@id":"https:\/\/profizjoclinic.pl\/joanna-strzelecka\/#primaryimage"},"thumbnailUrl":"https:\/\/profizjoclinic.pl\/wp-content\/uploads\/2024\/04\/7-1-rotated.jpg","datePublished":"2023-12-07T19:11:26+00:00","dateModified":"2026-01-03T15:15:55+00:00","breadcrumb":{"@id":"https:\/\/profizjoclinic.pl\/joanna-strzelecka\/#breadcrumb"},"inLanguage":"en-US","potentialAction":[{"@type":"ReadAction","target":["https:\/\/profizjoclinic.pl\/joanna-strzelecka\/"]}]},{"@type":"ImageObject","inLanguage":"en-US","@id":"https:\/\/profizjoclinic.pl\/joanna-strzelecka\/#primaryimage","url":"https:\/\/profizjoclinic.pl\/wp-content\/uploads\/2024\/04\/7-1-rotated.jpg","contentUrl":"https:\/\/profizjoclinic.pl\/wp-content\/uploads\/2024\/04\/7-1-rotated.jpg"},{"@type":"BreadcrumbList","@id":"https:\/\/profizjoclinic.pl\/joanna-strzelecka\/#breadcrumb","itemListElement":[{"@type":"ListItem","position":1,"name":"Home","item":"https:\/\/profizjoclinic.pl\/"},{"@type":"ListItem","position":2,"name":"Joanna Strzelecka"}]},{"@type":"WebSite","@id":"https:\/\/profizjoclinic.pl\/#website","url":"https:\/\/profizjoclinic.pl\/","name":"Profizjoclinic","description":"Profizjoclinic - Top physiotherapists and orthopedists in Wroclaw!","publisher":{"@id":"https:\/\/profizjoclinic.pl\/#organization"},"potentialAction":[{"@type":"SearchAction","target":{"@type":"EntryPoint","urlTemplate":"https:\/\/profizjoclinic.pl\/?s={search_term_string}"},"query-input":{"@type":"PropertyValueSpecification","valueRequired":true,"valueName":"search_term_string"}}],"inLanguage":"en-US"},{"@type":"Organization","@id":"https:\/\/profizjoclinic.pl\/#organization","name":"Profizjoclinic Ltd.","url":"https:\/\/profizjoclinic.pl\/","logo":{"@type":"ImageObject","inLanguage":"en-US","@id":"https:\/\/profizjoclinic.pl\/#\/schema\/logo\/image\/","url":"https:\/\/profizjoclinic.pl\/wp-content\/uploads\/2023\/06\/pfc-logo.png","contentUrl":"https:\/\/profizjoclinic.pl\/wp-content\/uploads\/2023\/06\/pfc-logo.png","width":329,"height":86,"caption":"Profizjoclinic sp. z o.o."},"image":{"@id":"https:\/\/profizjoclinic.pl\/#\/schema\/logo\/image\/"},"sameAs":["https:\/\/www.facebook.com\/profile.php?id=100090600811172"]}]}},"coauthors":[],"author_meta":{"author_link":"https:\/\/profizjoclinic.pl\/en\/author\/karolina-pfc\/","display_name":"Karolina"},"relative_dates":{"created":"Posted 2 years ago","modified":"Updated 3 months ago"},"absolute_dates":{"created":"Posted on 2023-12-07","modified":"Updated on 2026-01-03"},"absolute_dates_time":{"created":"Posted on 2023-12-07 20:11","modified":"Updated on 2026-01-03 16:15"},"featured_img_caption":"","featured_img":false,"series_order":"","_links":{"self":[{"href":"https:\/\/profizjoclinic.pl\/en\/wp-json\/wp\/v2\/pages\/1795","targetHints":{"allow":["GET"]}}],"collection":[{"href":"https:\/\/profizjoclinic.pl\/en\/wp-json\/wp\/v2\/pages"}],"about":[{"href":"https:\/\/profizjoclinic.pl\/en\/wp-json\/wp\/v2\/types\/page"}],"author":[{"embeddable":true,"href":"https:\/\/profizjoclinic.pl\/en\/wp-json\/wp\/v2\/users\/2"}],"replies":[{"embeddable":true,"href":"https:\/\/profizjoclinic.pl\/en\/wp-json\/wp\/v2\/comments?post=1795"}],"version-history":[{"count":1,"href":"https:\/\/profizjoclinic.pl\/en\/wp-json\/wp\/v2\/pages\/1795\/revisions"}],"predecessor-version":[{"id":3546,"href":"https:\/\/profizjoclinic.pl\/en\/wp-json\/wp\/v2\/pages\/1795\/revisions\/3546"}],"wp:attachment":[{"href":"https:\/\/profizjoclinic.pl\/en\/wp-json\/wp\/v2\/media?parent=1795"}],"curies":[{"name":"wp","href":"https:\/\/api.w.org\/{rel}","templated":true}]}}